{"id":145,"date":"2022-09-06T19:35:13","date_gmt":"2022-09-06T19:35:13","guid":{"rendered":"https:\/\/handwerkswerbung.de\/?page_id=145"},"modified":"2025-01-03T13:51:35","modified_gmt":"2025-01-03T13:51:35","slug":"impressum-test","status":"publish","type":"page","link":"https:\/\/handwerkswerbung.de\/?page_id=145","title":{"rendered":"Impressum"},"content":{"rendered":"<div  data-label=\"Anfang\" data-id=\"overlappable--1\" data-export-id=\"overlappable-4-mc\" data-category=\"overlappable\" class=\"overlappable-4-mc content-section content-section-spacing\" data-overlap=\"true\" id=\"anfang\" style=\"background-color: rgb(255, 255, 255);\"><div  class=\"gridContainer\"> <div  data-type=\"row\" class=\"row spaced-cols text-center start-sm content-left-sm\">  <div  class=\"col-xs-12 col-sm-4 col-padding col-md-12 \">  <div  data-type=\"column\" class=\"\"> <p  class=\"\">Der Eigent\u00fcmer dieser Website ist:<br >Handwerkswerbung Daniel Gille\n<br >Brandenburgische Stra\u00dfe 21 &#8211; 14621 Sch\u00f6nwalde-Glien<br >\nE-Mail: daniel@diekleber.com<br >\nTelefonnummer: 01520 331 3336<br ><br ><br >\nWir sind nicht bereit oder verpflichtet, an Streitbeilegungsverfahren vor einer Verbraucherschlichtungsstelle teilzunehmen.<br >\n2. Die folgenden Angaben sind nach deutscher Gesetzgebung zwingend erforderlich.\n<br >\n<br ><br >In dieser Datenschutzerkl\u00e4rung erkl\u00e4ren wir was wir mit den Daten, die wir \u00fcber dich via https:\/\/aaron-immobilien.com gesammelt haben, tun. Wir empfehlen dir, dieses Dokument sorgf\u00e4ltig zu lesen. W\u00e4hrend unserer Verarbeitung entsprechen wir den gesetzlichen Anforderungen. Dies bedeutet unter anderem:<br >\nWir geben klar die Zwecke f\u00fcr die wir pers\u00f6nliche Daten verarbeiten, an. Dies geschieht durch diese Datenschutzerkl\u00e4rung.<br >\nWir zielen darauf ab, unsere Sammlung von pers\u00f6nlichen Daten auf jene pers\u00f6nliche Daten zu beschr\u00e4nken, die aus legitimen Gr\u00fcnden ben\u00f6tigt werden.<br >\nWir werden zun\u00e4chst dein explizites Einverst\u00e4ndnis einholen, wenn dies notwendig sein sollte, um deine pers\u00f6nlichen Daten zu verarbeiten.<br >\nWir unternehmen angemessene Sicherheitsma\u00dfnahmen um deine pers\u00f6nlichen Daten zu sch\u00fctzen und verlangen dies ebenso von Parteien, die pers\u00f6nliche Daten in unserem Auftrag verarbeiten.<br >\nWir respektieren dein Recht auf Einsichtnahme, Berichtigung oder L\u00f6schung deiner personenbezogenen Daten.<br >\nWenn du Fragen hast oder wissen m\u00f6chtest, welche pers\u00f6nlichen Daten wir \u00fcber dich haben, kontaktiere uns bitte.\n<br ><br >\n1. Zweck, Daten und Aufbewahrungsfrist<br >\nWir k\u00f6nnen personenbezogene Daten f\u00fcr eine Reihe von Zwecken im Zusammenhang mit unserer Gesch\u00e4ftst\u00e4tigkeit sammeln oder erhalten, darunter die folgenden: (zum Vergr\u00f6\u00dfern anklicken)\n<br ><br >\n1.1 Kontakt \u2013 per Telefon, Post, E-Mail und\/oder Webformate\n<br ><br >\n2. Cookies<br >\nUnsere Website benutzt Cookies. F\u00fcr mehr Informationen \u00fcber Cookies schaue bitte unter unseren Cookie-Richtlinien nach.\n<br ><br >\n3. Sicherheit<br >\nWir sind der Sicherheit pers\u00f6nlicher Daten verpflichtet. Wir unternehmen angemessene Sicherheitsma\u00dfnahmen um Missbrauch von und unauthorisierten Zugriff auf pers\u00f6nliche Daten zu begrenzen. Dies stellt sicher, dass nur notwendige Personen Zugriff auf deine Daten erhalten, dieser Zugriff gesch\u00fctzt ist und dass unsere Sicherheitsma\u00dfnahmen regelm\u00e4\u00dfig gepr\u00fcft werden.<br >\nDie von uns verwendeten Sicherheitsma\u00dfnahmen umfassen:<br >\nTLS \/ SSL\n<br ><br >\n4. Websites von Drittanbietern<br >\nDiese Datenschutzerkl\u00e4rung gilt nicht f\u00fcr Websites von Drittparteien, die durch Links auf unserer Website verbunden sind. Wir k\u00f6nnen nicht garantieren, dass diese Drittanbieter deine pers\u00f6nlichen Daten in verl\u00e4sslicher oder sicherer Weise behandeln. Wir empfehlen dir die Datenschutzerkl\u00e4rungen dieser Websites vor deren Nutzung zu lesen.\n<br ><br >\n5. Erg\u00e4nzungen zu dieser Datenschutzerkl\u00e4rung<br >\nWir behalten uns das Recht vor, \u00c4nderungen an dieser Datenschutzerkl\u00e4rung vorzunehmen. Es wird empfohlen, diese Datenschutzerkl\u00e4rung regelm\u00e4\u00dfig zu lesen, um sich \u00fcber \u00c4nderungen zu informieren. Dar\u00fcber hinaus informieren wir dich wo immer m\u00f6glich.\n<br ><br >\n6. Zugriff und Bearbeitung deiner Daten<br >\nWenn du Fragen hast oder wissen m\u00f6chtest, welche pers\u00f6nlichen Daten wir \u00fcber dich haben, kontaktiere uns bitte. Du kannst uns mittels der unten stehenden Informationen erreichen. Du hast die folgenden Rechte:<br >\nDu hast das Recht zu wissen, warum deine pers\u00f6nlichen Daten gebraucht werden, was mit ihnen passiert und wie lange diese verwahrt werden.<br >\nZugriffsrecht: Du hast das Recht deine uns bekannten pers\u00f6nliche Daten einzusehen.<br >\nRecht auf Berichtigung: Du hast das Recht wann immer du w\u00fcnscht, deine pers\u00f6nlichen Daten zu erg\u00e4nzen, zu korrigieren sowie gel\u00f6scht oder blockiert zu bekommen.<br >\nWenn du uns dein Einverst\u00e4ndnis zur Verarbeitung deiner Daten gegeben hast, hast du das Recht dieses Einverst\u00e4ndnis zu widerrufen und deine pers\u00f6nlichen Daten l\u00f6schen zu lassen.<br >\nRecht auf Datentransfer deiner Daten: Du hast das Recht, alle deine pers\u00f6nlichen Daten von einem Verantwortlichen anzufordern und in ihrer Gesamtheit zu einem anderen Verantwortlichen zu transferieren.<br >\nWiderspruchsrecht: Du kannst der Verarbeitung deiner Daten widersprechen. Wir entsprechen dem, es sei denn es gibt berechtigte Gr\u00fcnde f\u00fcr die Verarbeitung.<br >\nBitte stelle sicher, dass du immer klar angibst, wer du bist, sodass wir sicher sein k\u00f6nnen nicht die Daten der falschen Person zu bearbeiten oder zu l\u00f6schen.\n<br ><br >\n7. Eine Beschwerde \u00fcbermitteln<br >\nWenn du nicht zufrieden mit der Art und Weise bist, in der wir (deine Beschwerde) die Verarbeitung deiner pers\u00f6nlichen Daten handhaben, hast du das Recht eine Beschwerde an die Datenschutzbeh\u00f6rde zu richten.\n<br ><br ><br >\n8. Kontaktdaten<br >Handwerkswerbung Daniel Gille\n<br >daniel@diekleber.com\n<br >01520 331 3336\n<br ><br ><br >\nAnhang<br >\nWooCommerce<br >\nWir sammeln Informationen \u00fcber Dich w\u00e4hrend des Bestellvorgangs in unserem Shop.<br >\nWas wir sammeln und speichern<br >\nW\u00e4hrend du unsere Website besuchst, zeichnen wir auf:<br >\nProdukte, die Sie sich angesehen haben: Wir verwenden diese Daten, um Ihnen zum Beispiel Produkte anzuzeigen, die Sie sich k\u00fcrzlich angesehen haben.<br >\nStandort, IP-Adresse und Browser-Typ: Wir verwenden dies f\u00fcr Zwecke wie die Sch\u00e4tzung von Steuern und Versandkosten<br >\nVersandadresse: Wir werden dich auffordern, diese anzugeben, um beispielsweise die Versandkosten bestimmen zu k\u00f6nnen, bevor du eine Bestellung aufgibst, und dir die Bestellung zusenden zu k\u00f6nnen.<br >\nWir nutzen auch Cookies, um den Inhalt deines Warenkorbs zu verfolgen, w\u00e4hrend du unsere Website besuchst. Wenn du bei uns einkaufst, werden wir dich auffordern, Informationen wie deinen Namen, deine Rechnungs- und Versandadresse, deine E-Mail-Adresse und deine Telefonnummer, Kreditkartendaten\/Zahlungsdetails sowie optionale Kontoinformationen wie Benutzername und Kennwort anzugeben. Wir nutzen diese Informationen f\u00fcr folgende Zwecke:<br >\nZusenden von Informationen \u00fcber dein Konto und Bestellung<br >\nAntwort auf deine Anfragen, inklusive Erstattungen und Beschwerden<br >\nBearbeitung von Zahlungsvorg\u00e4ngen und Verhinderung von Betrug<br >\nRichten Sie Ihr Konto f\u00fcr unseren Shop ein<br >\nEinhaltung aller rechtlichen Verpflichtungen, beispielsweise die Steuerberechnung<br >\nVerbesserung unsere Shop-Angebote<br >\nSenden von Marketing-Nachrichten, wenn du diese erhalten m\u00f6chtest<br >\nWenn du ein Konto bei uns erstellst, speichern wir deinen Namen, deine Adresse, deine E-Mail-Adresse und deine Telefonnummer. Diese Angaben werden bei k\u00fcnftigen Bestellungen zum Ausf\u00fcllen der Bezahlinformationen verwendet. Wir speichern Informationen \u00fcber dich \u00fcblicherweise so lange, wie wir sie f\u00fcr den Zweck der Erfassung und Nutzung ben\u00f6tigen und verpflichtet sind, sie zu speichern. Beispielsweise speichern wir Bestellinformationen f\u00fcr XXX Jahre aus Steuer- und Abrechnungsgr\u00fcnden. Dazu geh\u00f6rt dein Name, deine E-Mail-Adresse sowie deine Rechnungs- und Versandadresse. Wir speichern auch Kommentare oder Bewertungen, wenn du dich dazu entscheidest diese zu hinterlassen.<br >\nWer aus unserem Team hat Zugang<br >\nMitglieder unseres Teams haben Zugang zu den Informationen, die du uns zur Verf\u00fcgung stellst. Zum Beispiel k\u00f6nnen sowohl Administratoren als auch Shop-Manager auf Folgendes zugreifen:<br >\nBestellinformationen wie gekaufte Produkte, der Zeitpunkt des Kaufs sowie die Versandadresse und<br >\nKundeninformationen wie dein Name, E-Mail-Adresse, sowie Rechnungs- und Versandinformationen.<br >\nUnsere Teammitglieder haben Zugriff auf diese Informationen, um Bestellungen zu bearbeiten, R\u00fcckerstattungen vorzunehmen und Dich zu unterst\u00fctzen.<br >\nComplianz | The Privacy Suite for WordPress<br >\nDiese Website verwendet die Privacy Suite f\u00fcr WordPress von Complianz, um browser- und ger\u00e4tebasierte Einwilligungen zu sammeln und aufzuzeichnen. F\u00fcr diese Funktion wird deine IP-Adresse anonymisiert und in unserer Datenbank gespeichert. Dieser Dienst verarbeitet keine pers\u00f6nlich identifizierbaren Informationen und gibt keine Daten an den Dienstanbieter weiter. Weitere Informationen findest du in der Complianz Datenschutzerkl\u00e4rung.<br >\n<\/p><\/div> <\/div><\/div> <\/div><\/div>","protected":false},"excerpt":{"rendered":"<p>Der Eigent\u00fcmer dieser Website ist:Handwerkswerbung Daniel Gille Brandenburgische Stra\u00dfe 21 &#8211; 14621 Sch\u00f6nwalde-Glien E-Mail: daniel@diekleber.com Telefonnummer: 01520 331 3336 Wir sind nicht bereit oder verpflichtet, an Streitbeilegungsverfahren vor einer Verbraucherschlichtungsstelle teilzunehmen. 2. Die folgenden Angaben sind nach deutscher Gesetzgebung zwingend erforderlich. In dieser Datenschutzerkl\u00e4rung erkl\u00e4ren wir was wir mit den Daten, die wir \u00fcber dich&hellip; <br \/> <a class=\"read-more\" href=\"https:\/\/handwerkswerbung.de\/?page_id=145\">Weiterlesen<\/a><\/p>\n","protected":false},"author":1,"featured_media":0,"parent":0,"menu_order":0,"comment_status":"closed","ping_status":"closed","template":"pro\/page-templates\/full-width-page.php","meta":{"footnotes":""},"class_list":["post-145","page","type-page","status-publish","hentry"],"_links":{"self":[{"href":"https:\/\/handwerkswerbung.de\/index.php?rest_route=\/wp\/v2\/pages\/145","targetHints":{"allow":["GET"]}}],"collection":[{"href":"https:\/\/handwerkswerbung.de\/index.php?rest_route=\/wp\/v2\/pages"}],"about":[{"href":"https:\/\/handwerkswerbung.de\/index.php?rest_route=\/wp\/v2\/types\/page"}],"author":[{"embeddable":true,"href":"https:\/\/handwerkswerbung.de\/index.php?rest_route=\/wp\/v2\/users\/1"}],"replies":[{"embeddable":true,"href":"https:\/\/handwerkswerbung.de\/index.php?rest_route=%2Fwp%2Fv2%2Fcomments&post=145"}],"version-history":[{"count":6,"href":"https:\/\/handwerkswerbung.de\/index.php?rest_route=\/wp\/v2\/pages\/145\/revisions"}],"predecessor-version":[{"id":206,"href":"https:\/\/handwerkswerbung.de\/index.php?rest_route=\/wp\/v2\/pages\/145\/revisions\/206"}],"wp:attachment":[{"href":"https:\/\/handwerkswerbung.de\/index.php?rest_route=%2Fwp%2Fv2%2Fmedia&parent=145"}],"curies":[{"name":"wp","href":"https:\/\/api.w.org\/{rel}","templated":true}]}}